{"id":1671,"date":"2016-06-28T14:59:00","date_gmt":"2016-06-28T14:59:00","guid":{"rendered":"http:\/\/biesenberg.npsoftware.nl\/?page_id=1671"},"modified":"2016-10-19T15:03:54","modified_gmt":"2016-10-19T15:03:54","slug":"omgeving","status":"publish","type":"page","link":"https:\/\/biesenberg.nl\/index.php\/omgeving\/","title":{"rendered":"Omgeving"},"content":{"rendered":"<p>[vc_row css=&#8221;.vc_custom_1467923655609{background-color: #ffffff !important;}&#8221;][vc_column width=&#8221;1\/6&#8243;][\/vc_column][vc_column width=&#8221;2\/3&#8243;][vc_column_text css_animation=&#8221;bottom-to-top&#8221;]<\/p>\n<h2 style=\"text-align: center;\">Gelegen in een landelijke omgeving, aan de voet van de bosrand in het mooie heuvelland.<\/h2>\n<p class=\"lead\" style=\"text-align: center;\">De vakantiewoningen De Biesenberg is een kleinschalig vakantiecentrum dat bestaat uit 3 vakantiewoningen, gelegen in een landelijke omgeving, aan de voet van de bosrand in het mooie heuvelland.\u00a0Een gelieve plek voor iedereen die onbezorgd wil genieten van al het goede \u201dBourgondische\u201d wat Limburg in huis heeft.<\/p>\n<p>[\/vc_column_text][\/vc_column][vc_column width=&#8221;1\/6&#8243;][\/vc_column][\/vc_row][vc_row][vc_column]\n\t\t\t<section class=\"image-square left\">\n\t\t\t    <div class=\"col-md-6 image\">\n\t\t\t        <div class=\"background-image-holder\">\n\t\t\t            <img loading=\"lazy\" decoding=\"async\" width=\"4896\" height=\"2752\" src=\"https:\/\/biesenberg.nl\/wp-content\/uploads\/2016\/06\/dsc07715.jpg\" class=\"background-image\" alt=\"\" srcset=\"https:\/\/biesenberg.nl\/wp-content\/uploads\/2016\/06\/dsc07715.jpg 4896w, https:\/\/biesenberg.nl\/wp-content\/uploads\/2016\/06\/dsc07715-300x169.jpg 300w, https:\/\/biesenberg.nl\/wp-content\/uploads\/2016\/06\/dsc07715-768x432.jpg 768w, https:\/\/biesenberg.nl\/wp-content\/uploads\/2016\/06\/dsc07715-1024x576.jpg 1024w\" sizes=\"auto, (max-width: 4896px) 100vw, 4896px\" \/>\n\t\t\t        <\/div>\n\t\t\t    <\/div>\n\t\t\t    <div class=\"col-md-6 col-md-offset-1 content\">\n\t\t\t        [vc_column_text css_animation=&#8221;bottom-to-top&#8221;]<\/p>\n<h6 class=\"uppercase fade-half mb-xs-24\" style=\"text-align: center;\">\u2022 OMGEVING\u00a0\u2022<\/h6>\n<h2 style=\"text-align: center;\">Maastricht<\/h2>\n<p class=\"lead\" style=\"text-align: center;\">Elke cultuurliefhebber en Bourgondi\u00ebr uit binnen- en buitenland moet een keer in Maastricht zijn geweest.<\/p>\n<p style=\"text-align: center;\">Ongeacht wanneer je in Maastricht komt of met welke groep, er is altijd voor ieder wat wils.<br \/>\nMaastricht is een prachtige stad met een rijke historie. Alle Romeinse, Spaanse en Franse invloeden hebben van Maastricht een unieke stad in Nederland gemaakt.\u00a0 (15 auto-minuten)<\/p>\n<p>[\/vc_column_text]\n\t\t\t    <\/div>\n\t\t\t<\/section>\n\t\t[\/vc_column][\/vc_row][vc_row full_width=&#8221;stretch_row&#8221; css=&#8221;.vc_custom_1467923682747{background-color: #ffffff !important;}&#8221;][vc_column]\n\t\t\t<section class=\"image-square right\">\n\t\t\t    <div class=\"col-md-6 image\">\n\t\t\t        <div class=\"background-image-holder\">\n\t\t\t            <img loading=\"lazy\" decoding=\"async\" width=\"1024\" height=\"768\" src=\"https:\/\/biesenberg.nl\/wp-content\/uploads\/2016\/06\/Valkenburg_11679.jpg\" class=\"background-image\" alt=\"\" srcset=\"https:\/\/biesenberg.nl\/wp-content\/uploads\/2016\/06\/Valkenburg_11679.jpg 1024w, https:\/\/biesenberg.nl\/wp-content\/uploads\/2016\/06\/Valkenburg_11679-300x225.jpg 300w, https:\/\/biesenberg.nl\/wp-content\/uploads\/2016\/06\/Valkenburg_11679-768x576.jpg 768w\" sizes=\"auto, (max-width: 1024px) 100vw, 1024px\" \/>\n\t\t\t        <\/div>\n\t\t\t    <\/div>\n\t\t\t    <div class=\"col-md-6 content\">\n\t\t\t        [vc_column_text css_animation=&#8221;bottom-to-top&#8221;]<\/p>\n<h6 class=\"uppercase fade-half mb-xs-24\" style=\"text-align: center;\">\u2022 OMGEVING\u00a0\u2022<\/h6>\n<h2 style=\"text-align: center;\">Valkenburg<\/h2>\n<p class=\"lead\" style=\"text-align: center;\">Valkenburg aan de Geul is een van d\u00e9 grote toeristische trekpleisters van Zuid Limburg. Een bezoekje brengen aan dit romantische plaatsje is dan ook zeer de moeite waard.<\/p>\n<p style=\"text-align: center;\">De bekende mergelgrotten zijn \u00e9\u00e9n van de vele kenmerken van dit unieke plaatsje. Vooral in de winter komen duizenden mensen op de sprookjesachtige kerstmarkt in de grotten af, maar ook in de rest van het jaar (in het bijzonder Mergelmaand Oktober) zijn de ondergrondse gangenstelsels een ware belevenis. ( 10 auto-minuten)<\/p>\n<p>[\/vc_column_text]\n\t\t\t    <\/div>\n\t\t\t<\/section>\n\t\t[\/vc_column][\/vc_row][vc_row][vc_column]\n\t\t\t<section class=\"image-square left\">\n\t\t\t    <div class=\"col-md-6 image\">\n\t\t\t        <div class=\"background-image-holder\">\n\t\t\t            <img loading=\"lazy\" decoding=\"async\" width=\"810\" height=\"426\" src=\"https:\/\/biesenberg.nl\/wp-content\/uploads\/2016\/06\/about-aachen.jpg\" class=\"background-image\" alt=\"\" srcset=\"https:\/\/biesenberg.nl\/wp-content\/uploads\/2016\/06\/about-aachen.jpg 810w, https:\/\/biesenberg.nl\/wp-content\/uploads\/2016\/06\/about-aachen-300x158.jpg 300w, https:\/\/biesenberg.nl\/wp-content\/uploads\/2016\/06\/about-aachen-768x404.jpg 768w\" sizes=\"auto, (max-width: 810px) 100vw, 810px\" \/>\n\t\t\t        <\/div>\n\t\t\t    <\/div>\n\t\t\t    <div class=\"col-md-6 col-md-offset-1 content\">\n\t\t\t        [vc_column_text css_animation=&#8221;bottom-to-top&#8221;]<\/p>\n<h6 class=\"uppercase fade-half mb-xs-24\" style=\"text-align: center;\">\u2022 OMGEVING\u00a0\u2022<\/h6>\n<h2 style=\"text-align: center;\">Aken<\/h2>\n<p class=\"lead\" style=\"text-align: center;\">Vlak over de grens in Duitsland ligt Aken, de stad van Karel de Grote.<\/p>\n<p style=\"text-align: center;\">Dat Aken tegenwoordig zo een rijke en mooie stad is, is te danken aan de Romeinse tijd. In de 8e\u00a0eeuw laat Karel de Grote hier zijn paleis bouwen en benoemd Aken als hoofdstad van zijn rijk boven de Alpen.<br \/>\nDe vele bezienswaardigheden herinneren ons aan deze tijd.\u00a0Een ander fenomenaal monument dat Karel de Grote ons heeft nagelaten is de Dom van Aken, de vroegere paltskapel. Deze bisschoppelijke kerk, die door UNESCO als wereld erfgoed is benoemd, is o.a. de rustplaats van Karel de Grote en de kroningsplaats geweest van tientallen (Duitse) keizers. ( 35 auto-minuten)<\/p>\n<p>[\/vc_column_text]\n\t\t\t    <\/div>\n\t\t\t<\/section>\n\t\t[\/vc_column][\/vc_row][vc_row full_width=&#8221;stretch_row&#8221; css=&#8221;.vc_custom_1467923682747{background-color: #ffffff !important;}&#8221;][vc_column]\n\t\t\t<section class=\"image-square right\">\n\t\t\t    <div class=\"col-md-6 image\">\n\t\t\t        <div class=\"background-image-holder\">\n\t\t\t            <img loading=\"lazy\" decoding=\"async\" width=\"1117\" height=\"720\" src=\"https:\/\/biesenberg.nl\/wp-content\/uploads\/2016\/06\/Lambda_photography.jpg\" class=\"background-image\" alt=\"\" srcset=\"https:\/\/biesenberg.nl\/wp-content\/uploads\/2016\/06\/Lambda_photography.jpg 1117w, https:\/\/biesenberg.nl\/wp-content\/uploads\/2016\/06\/Lambda_photography-300x193.jpg 300w, https:\/\/biesenberg.nl\/wp-content\/uploads\/2016\/06\/Lambda_photography-768x495.jpg 768w, https:\/\/biesenberg.nl\/wp-content\/uploads\/2016\/06\/Lambda_photography-1024x660.jpg 1024w\" sizes=\"auto, (max-width: 1117px) 100vw, 1117px\" \/>\n\t\t\t        <\/div>\n\t\t\t    <\/div>\n\t\t\t    <div class=\"col-md-6 content\">\n\t\t\t        [vc_column_text css_animation=&#8221;bottom-to-top&#8221;]<\/p>\n<h6 class=\"uppercase fade-half mb-xs-24\" style=\"text-align: center;\">\u2022 OMGEVING\u00a0\u2022<\/h6>\n<h2 style=\"text-align: center;\">Luik<\/h2>\n<p class=\"lead\" style=\"text-align: center;\">Het vroegere bisschopsdom en prinsendom is dankzij haar geschiedenis en huidige industrie uitgegroeid tot \u00e9\u00e9n van de belangrijkste steden in Belgi\u00eb.<\/p>\n<p style=\"text-align: center;\">Maar gelukkig is al deze grootsheid niet ten koste gegaan van de charme van de Waalse stad. In het centrum zijn talrijke knusse straatjes te vinden met winkels en heel veel cafeetjes. Het is dan ook niet toevallig dat h\u00e9t Waalse folkloristische figuur Tchantch\u00e8s, een marionet, gekenmerkt wordt door zijn kwajongensachtige karakter en zijn liefde voor het glas bier.<br \/>\nLuik is uitermate geschikt voor een dagtrip. ( 45 autominuten)<\/p>\n<p>[\/vc_column_text]\n\t\t\t    <\/div>\n\t\t\t<\/section>\n\t\t[\/vc_column][\/vc_row][vc_row][vc_column]\n\t\t\t<section class=\"image-square left\">\n\t\t\t    <div class=\"col-md-6 image\">\n\t\t\t        <div class=\"background-image-holder\">\n\t\t\t            <img loading=\"lazy\" decoding=\"async\" width=\"620\" height=\"465\" src=\"https:\/\/biesenberg.nl\/wp-content\/uploads\/2016\/09\/f2034b0af8d75aa961569ecefad32c42.jpg\" class=\"background-image\" alt=\"\" srcset=\"https:\/\/biesenberg.nl\/wp-content\/uploads\/2016\/09\/f2034b0af8d75aa961569ecefad32c42.jpg 620w, https:\/\/biesenberg.nl\/wp-content\/uploads\/2016\/09\/f2034b0af8d75aa961569ecefad32c42-300x225.jpg 300w\" sizes=\"auto, (max-width: 620px) 100vw, 620px\" \/>\n\t\t\t        <\/div>\n\t\t\t    <\/div>\n\t\t\t    <div class=\"col-md-6 col-md-offset-1 content\">\n\t\t\t        [vc_column_text css_animation=&#8221;bottom-to-top&#8221;]<\/p>\n<h6 class=\"uppercase fade-half mb-xs-24\" style=\"text-align: center;\">\u2022 OMGEVING\u00a0\u2022<\/h6>\n<h2 style=\"text-align: center;\">Wandelen<\/h2>\n<p class=\"lead\" style=\"text-align: center;\">De omgeving leent zich perfect om erop uit te trekken voor een lange wandeling door een afwisselend landschap, van hellingbossen, holle wegen, velden en akkers. Met een beetje geluk komt u een ree, vos of das tegen.<img loading=\"lazy\" decoding=\"async\" class=\"wp-image-2407 alignleft\" src=\"http:\/\/biesenberg.nl\/wp-content\/uploads\/2016\/10\/untitled-300x225.png\" alt=\"untitled\" width=\"159\" height=\"120\" srcset=\"https:\/\/biesenberg.nl\/wp-content\/uploads\/2016\/10\/untitled-300x225.png 300w, https:\/\/biesenberg.nl\/wp-content\/uploads\/2016\/10\/untitled.png 636w\" sizes=\"auto, (max-width: 159px) 100vw, 159px\" \/><img loading=\"lazy\" decoding=\"async\" class=\"wp-image-2336 alignnone\" src=\"http:\/\/biesenberg.nl\/wp-content\/uploads\/2016\/10\/7-300x225.jpg\" alt=\"7\" width=\"158\" height=\"119\" \/><img loading=\"lazy\" decoding=\"async\" class=\"wp-image-2383 alignnone\" src=\"http:\/\/biesenberg.nl\/wp-content\/uploads\/2016\/10\/imagesWD88QSFX.jpg\" alt=\"imageswd88qsfx\" width=\"109\" height=\"143\" \/><\/p>\n<p>[\/vc_column_text]\n\t\t\t    <\/div>\n\t\t\t<\/section>\n\t\t[\/vc_column][\/vc_row][vc_row full_width=&#8221;stretch_row&#8221; css=&#8221;.vc_custom_1467923682747{background-color: #ffffff !important;}&#8221;][vc_column]\n\t\t\t<section class=\"image-square right\">\n\t\t\t    <div class=\"col-md-6 image\">\n\t\t\t        <div class=\"background-image-holder\">\n\t\t\t            <img loading=\"lazy\" decoding=\"async\" width=\"640\" height=\"480\" src=\"https:\/\/biesenberg.nl\/wp-content\/uploads\/2016\/09\/mountainbiken.jpg\" class=\"background-image\" alt=\"\" srcset=\"https:\/\/biesenberg.nl\/wp-content\/uploads\/2016\/09\/mountainbiken.jpg 640w, https:\/\/biesenberg.nl\/wp-content\/uploads\/2016\/09\/mountainbiken-300x225.jpg 300w\" sizes=\"auto, (max-width: 640px) 100vw, 640px\" \/>\n\t\t\t        <\/div>\n\t\t\t    <\/div>\n\t\t\t    <div class=\"col-md-6 content\">\n\t\t\t        [vc_column_text css_animation=&#8221;bottom-to-top&#8221;]<\/p>\n<h6 class=\"uppercase fade-half mb-xs-24\" style=\"text-align: center;\">\u2022 OMGEVING\u00a0\u2022<\/h6>\n<h2 style=\"text-align: center;\">Fietsen en mountianbike<\/h2>\n<p class=\"lead\" style=\"text-align: center;\">De vakantiewoningen liggen direct aan een knooppunten-route, waar u met fiets of mountainbike mooie routes kunnen uitstippelen. Het fietsnetwerk is in totaal zo\u2019n 600 kilometer lang en heeft 100 knooppunten. Uiteraard kunt u richting het heuvelland trekken, maar\u00a0als je niet zo van steile uitdagingen houdt, zijn er in Zuid-Limburg een mooie routes te fietsen. Naast heuvels en dalen, zijn er \u00a0plateaus en vlaktes, zodat je een hele dag op het vlakke kunt fietsen, door gezellige dorpjes en stadjes. Onderweg zijn er voldoende terrasjes, voor een natje en een droogje. Stel bijvoorbeeld je eigen route samen met behulp van het fiets-routenetwerk, dat loopt tussen de Duitse\u00a0en de Belgische grens<img loading=\"lazy\" decoding=\"async\" class=\" wp-image-2175 alignleft\" src=\"http:\/\/biesenberg.nl\/wp-content\/uploads\/2016\/09\/MTB-kaart-300x200.jpg\" alt=\"mtb-kaart\" width=\"194\" height=\"129\" srcset=\"https:\/\/biesenberg.nl\/wp-content\/uploads\/2016\/09\/MTB-kaart-300x200.jpg 300w, https:\/\/biesenberg.nl\/wp-content\/uploads\/2016\/09\/MTB-kaart-768x512.jpg 768w, https:\/\/biesenberg.nl\/wp-content\/uploads\/2016\/09\/MTB-kaart-1024x682.jpg 1024w, https:\/\/biesenberg.nl\/wp-content\/uploads\/2016\/09\/MTB-kaart-600x400.jpg 600w, https:\/\/biesenberg.nl\/wp-content\/uploads\/2016\/09\/MTB-kaart.jpg 1280w\" sizes=\"auto, (max-width: 194px) 100vw, 194px\" \/><\/p>\n<p class=\"lead\" style=\"text-align: center;\">\u00a0en geniet van het prachtige landschap en de Bourgondische levenswijze.<\/p>\n<p>[\/vc_column_text]\n\t\t\t    <\/div>\n\t\t\t<\/section>\n\t\t[\/vc_column][\/vc_row]<\/p>\n","protected":false},"excerpt":{"rendered":"<p>[vc_row css=&#8221;.vc_custom_1467923655609{background-color: #ffffff !important;}&#8221;][vc_column width=&#8221;1\/6&#8243;][\/vc_column][vc_column width=&#8221;2\/3&#8243;][vc_column_text css_animation=&#8221;bottom-to-top&#8221;] Gelegen in een landelijke omgeving, aan de voet van de bosrand in het mooie&#8230;<\/p>\n","protected":false},"author":2,"featured_media":1849,"parent":0,"menu_order":0,"comment_status":"closed","ping_status":"closed","template":"","meta":{"footnotes":""},"class_list":["post-1671","page","type-page","status-publish","has-post-thumbnail","hentry"],"_links":{"self":[{"href":"https:\/\/biesenberg.nl\/index.php\/wp-json\/wp\/v2\/pages\/1671","targetHints":{"allow":["GET"]}}],"collection":[{"href":"https:\/\/biesenberg.nl\/index.php\/wp-json\/wp\/v2\/pages"}],"about":[{"href":"https:\/\/biesenberg.nl\/index.php\/wp-json\/wp\/v2\/types\/page"}],"author":[{"embeddable":true,"href":"https:\/\/biesenberg.nl\/index.php\/wp-json\/wp\/v2\/users\/2"}],"replies":[{"embeddable":true,"href":"https:\/\/biesenberg.nl\/index.php\/wp-json\/wp\/v2\/comments?post=1671"}],"version-history":[{"count":36,"href":"https:\/\/biesenberg.nl\/index.php\/wp-json\/wp\/v2\/pages\/1671\/revisions"}],"predecessor-version":[{"id":2433,"href":"https:\/\/biesenberg.nl\/index.php\/wp-json\/wp\/v2\/pages\/1671\/revisions\/2433"}],"wp:featuredmedia":[{"embeddable":true,"href":"https:\/\/biesenberg.nl\/index.php\/wp-json\/wp\/v2\/media\/1849"}],"wp:attachment":[{"href":"https:\/\/biesenberg.nl\/index.php\/wp-json\/wp\/v2\/media?parent=1671"}],"curies":[{"name":"wp","href":"https:\/\/api.w.org\/{rel}","templated":true}]}}